{"id":247,"date":"2025-06-06T18:56:28","date_gmt":"2025-06-06T18:56:28","guid":{"rendered":"https:\/\/casarti.com.br\/2026\/?page_id=247"},"modified":"2025-06-06T18:10:18","modified_gmt":"2025-06-06T21:10:18","slug":"galeria-de-fotos","status":"publish","type":"page","link":"https:\/\/casarti.com.br\/2026\/galeria-de-fotos\/","title":{"rendered":"Galeria de Fotos"},"content":{"rendered":"\n<p><\/p>\n\n\n \n<div data-block=\"gutenkit\/container\" data-post-id=\"247\" id=\"block-f6ed6c92-e19c-43ce-91d2-0ceab02d8186\" class=\"wp-block-gutenkit-container alignfull gkit-block-f6ed6c92-e19c-43ce-91d2-0ceab02d8186 gutenkit-block\"><div class=\"gkit-block__inner\"> \n<div data-block=\"gutenkit\/heading\" data-post-id=\"247\" class=\"wp-block-gutenkit-heading gkit-heading-border-position-start gkit7af28c gutenkit-block\" id=\"block-96bb86a3-b465-4b52-b6a5-cbbac7eaf9a0\"><h2 class=\"gkit-heading-title\">Galeria Casarti<\/h2><div class=\"gkit-heading-description\"><p>Inspira\u00e7\u00f5es que encantam \u2013 veja como transformamos arte e decora\u00e7\u00e3o em experi\u00eancias \u00fanicas.<\/p><\/div><div class=\"gkit-heading-separetor gkit-heading-separetor-bottom gkit-heading-separetor-style-dotted\"><div class=\"gkit-heading-separetor-divider\"><\/div><\/div><\/div>\n <\/div><\/div>\n \n\n<div  id=\"jtg-274\" class=\"modula modula-gallery modula-creative-gallery\" data-config=\"{&quot;height&quot;:800,&quot;tabletHeight&quot;:800,&quot;mobileHeight&quot;:800,&quot;desktopHeight&quot;:800,&quot;enableTwitter&quot;:false,&quot;enableWhatsapp&quot;:false,&quot;enableFacebook&quot;:false,&quot;enablePinterest&quot;:false,&quot;enableLinkedin&quot;:false,&quot;enableEmail&quot;:false,&quot;randomFactor&quot;:0.5,&quot;type&quot;:&quot;creative-gallery&quot;,&quot;columns&quot;:12,&quot;gutter&quot;:10,&quot;mobileGutter&quot;:10,&quot;tabletGutter&quot;:10,&quot;desktopGutter&quot;:10,&quot;enableResponsive&quot;:&quot;0&quot;,&quot;tabletColumns&quot;:2,&quot;mobileColumns&quot;:1,&quot;lazyLoad&quot;:0,&quot;lightboxOpts&quot;:{&quot;animated&quot;:true,&quot;Thumbs&quot;:{&quot;type&quot;:&quot;modern&quot;,&quot;showOnStart&quot;:false},&quot;Toolbar&quot;:{&quot;display&quot;:{&quot;right&quot;:[&quot;close&quot;]},&quot;enabled&quot;:true},&quot;Carousel&quot;:{&quot;Panzoom&quot;:{&quot;touch&quot;:true},&quot;infinite&quot;:false},&quot;keyboard&quot;:{&quot;Escape&quot;:&quot;close&quot;,&quot;Delete&quot;:&quot;close&quot;,&quot;Backspace&quot;:&quot;close&quot;,&quot;PageUp&quot;:false,&quot;PageDown&quot;:false,&quot;ArrowUp&quot;:false,&quot;ArrowDown&quot;:false,&quot;ArrowRight&quot;:false,&quot;ArrowLeft&quot;:false},&quot;touch&quot;:false,&quot;backdropClick&quot;:false,&quot;l10n&quot;:{&quot;CLOSE&quot;:&quot;Fechar&quot;,&quot;NEXT&quot;:&quot;Pr\\u00f3ximo&quot;,&quot;PREV&quot;:&quot;Anterior&quot;,&quot;Error&quot;:&quot;N\\u00e3o foi poss\\u00edvel carregar o conte\\u00fado solicitado. Tente novamente mais tarde.&quot;,&quot;PLAY_START&quot;:&quot;Iniciar apresenta\\u00e7\\u00e3o de slides&quot;,&quot;PLAY_STOP&quot;:&quot;Pausar apresenta\\u00e7\\u00e3o de slides&quot;,&quot;FULL_SCREEN&quot;:&quot;Tela cheia&quot;,&quot;THUMBS&quot;:&quot;Miniaturas&quot;,&quot;DOWNLOAD&quot;:&quot;Baixar&quot;,&quot;SHARE&quot;:&quot;Compartilhar&quot;,&quot;ZOOM&quot;:&quot;Ampliar&quot;,&quot;EMAIL&quot;:&quot;Here is the link to the image : %%image_link%% and this is the link to the gallery : %%gallery_link%%&quot;,&quot;MODAL&quot;:&quot;Voc\\u00ea pode dispensar este conte\\u00fado com a tecla ESC&quot;,&quot;ERROR&quot;:&quot;Algo deu errado, tente novamente mais tarde&quot;,&quot;IMAGE_ERROR&quot;:&quot;Imagem n\\u00e3o encontrada&quot;,&quot;ELEMENT_NOT_FOUND&quot;:&quot;Elemento HTML n\\u00e3o encontrado&quot;,&quot;AJAX_NOT_FOUND&quot;:&quot;Erro ao carregar AJAX: N\\u00e3o encontrado&quot;,&quot;AJAX_FORBIDDEN&quot;:&quot;Erro ao carregar AJAX: N\\u00e3o autorizado&quot;,&quot;IFRAME_ERROR&quot;:&quot;Erro ao carregar a p\\u00e1gina&quot;,&quot;TOGGLE_ZOOM&quot;:&quot;Alternar n\\u00edvel de zoom&quot;,&quot;TOGGLE_THUMBS&quot;:&quot;Alternar miniaturas&quot;,&quot;TOGGLE_SLIDESHOW&quot;:&quot;Alternar exibi\\u00e7\\u00e3o de slides&quot;,&quot;TOGGLE_FULLSCREEN&quot;:&quot;Alternar modo de tela cheia&quot;},&quot;Images&quot;:{&quot;Panzoom&quot;:{&quot;maxScale&quot;:2}},&quot;mainClass&quot;:&quot;modula-fancybox-container modula-lightbox-jtg-274&quot;,&quot;Html&quot;:{&quot;videoAutoplay&quot;:0,&quot;videoTpl&quot;:&quot;&lt;video class=\\&quot;fancybox__html5video\\&quot; controls muted playsinline controlsList controlsList=\\&quot;nodownload\\&quot; poster=\\&quot;{{poster}}\\&quot; src=\\&quot;{{src}}\\&quot; type=\\&quot;{{format}}\\&quot; &gt;  Sorry, your browser doesn&#039;t support embedded videos, &lt;a href=\\&quot;{{src}}\\&quot;&gt; download &lt;\\\/a&gt; and watch with your favorite video player! &lt;\\\/video&gt;&quot;}},&quot;inView&quot;:false,&quot;email_subject&quot;:&quot;Confira esta imagem incr\\u00edvel!!&quot;,&quot;email_message&quot;:&quot;Aqui est\\u00e1 o link para a imagem: %%image_link%% e este \\u00e9 o link para a galeria: %%gallery_link%%&quot;,&quot;lightbox&quot;:&quot;fancybox&quot;}\">\n\n\t\n\t<div  class=\"modula-items\">\n\t\t<div class=\"modula-item effect-pufrobo\" >\n\t<div class=\"modula-item-overlay\"><\/div>\n\n\t<div class=\"modula-item-content\">\n\n\t\t<a data-image-id=\"260\" role=\"button\" data-elementor-open-lightbox=\"no\" tabindex=\"0\" rel=\"jtg-274\" data-caption=\"\" aria-label=\"Abrir imagem no lightbox\" class=\"tile-inner modula-item-link\"><\/a><img decoding=\"async\" class=\"pic wp-image-260\"  data-valign=\"middle\" data-halign=\"center\" alt=\"A vibrant street filled with people in the evening, showcasing urban life and city architecture.\" data-full=\"https:\/\/casarti.com.br\/2026\/wp-content\/uploads\/2025\/06\/pexels-photo-2064826-2064826.jpg\" title=\"pexels-photo-2064826-2064826\" crop=\"\" width=\"150\" height=\"150\" src=\"https:\/\/casarti.com.br\/2026\/wp-content\/uploads\/2025\/06\/pexels-photo-2064826-2064826-150x150.jpg\" data-src=\"https:\/\/casarti.com.br\/2026\/wp-content\/uploads\/2025\/06\/pexels-photo-2064826-2064826-150x150.jpg\" data-caption=\"\"\/>\n\t\t<div class=\"figc no-description\">\n\t\t\t<div class=\"figc-inner\">\n\t\t\t\t\t\t\t\t\t\t\t\t\t\t\t<\/div>\n\t\t<\/div>\n\n\t<\/div>\n\n<\/div><div class=\"modula-item effect-pufrobo\" >\n\t<div class=\"modula-item-overlay\"><\/div>\n\n\t<div class=\"modula-item-content\">\n\n\t\t<a data-image-id=\"259\" role=\"button\" data-elementor-open-lightbox=\"no\" tabindex=\"0\" rel=\"jtg-274\" data-caption=\"\" aria-label=\"Abrir imagem no lightbox\" class=\"tile-inner modula-item-link\"><\/a><img decoding=\"async\" class=\"pic wp-image-259\"  data-valign=\"middle\" data-halign=\"center\" alt=\"Cheerful woman wearing ripped jeans and curly hair with flower, enjoying a sunny day outdoors.\" data-full=\"https:\/\/casarti.com.br\/2026\/wp-content\/uploads\/2025\/06\/pexels-photo-1848565-1848565.jpg\" title=\"pexels-photo-1848565-1848565\" crop=\"\" width=\"150\" height=\"150\" src=\"https:\/\/casarti.com.br\/2026\/wp-content\/uploads\/2025\/06\/pexels-photo-1848565-1848565-150x150.jpg\" data-src=\"https:\/\/casarti.com.br\/2026\/wp-content\/uploads\/2025\/06\/pexels-photo-1848565-1848565-150x150.jpg\" data-caption=\"\"\/>\n\t\t<div class=\"figc no-description\">\n\t\t\t<div class=\"figc-inner\">\n\t\t\t\t\t\t\t\t\t\t\t\t\t\t\t<\/div>\n\t\t<\/div>\n\n\t<\/div>\n\n<\/div><div class=\"modula-item effect-pufrobo\" >\n\t<div class=\"modula-item-overlay\"><\/div>\n\n\t<div class=\"modula-item-content\">\n\n\t\t<a data-image-id=\"258\" role=\"button\" data-elementor-open-lightbox=\"no\" tabindex=\"0\" rel=\"jtg-274\" data-caption=\"\" aria-label=\"Abrir imagem no lightbox\" class=\"tile-inner modula-item-link\"><\/a><img decoding=\"async\" class=\"pic wp-image-258\"  data-valign=\"middle\" data-halign=\"center\" alt=\"Close-up shot of a frozen bubble with warm reflections resting on a snowy surface at twilight.\" data-full=\"https:\/\/casarti.com.br\/2026\/wp-content\/uploads\/2025\/06\/pexels-photo-302743-302743.jpg\" title=\"pexels-photo-302743-302743\" crop=\"\" width=\"150\" height=\"150\" src=\"https:\/\/casarti.com.br\/2026\/wp-content\/uploads\/2025\/06\/pexels-photo-302743-302743-150x150.jpg\" data-src=\"https:\/\/casarti.com.br\/2026\/wp-content\/uploads\/2025\/06\/pexels-photo-302743-302743-150x150.jpg\" data-caption=\"\"\/>\n\t\t<div class=\"figc no-description\">\n\t\t\t<div class=\"figc-inner\">\n\t\t\t\t\t\t\t\t\t\t\t\t\t\t\t<\/div>\n\t\t<\/div>\n\n\t<\/div>\n\n<\/div><div class=\"modula-item effect-pufrobo\" >\n\t<div class=\"modula-item-overlay\"><\/div>\n\n\t<div class=\"modula-item-content\">\n\n\t\t<a data-image-id=\"257\" role=\"button\" data-elementor-open-lightbox=\"no\" tabindex=\"0\" rel=\"jtg-274\" data-caption=\"\" aria-label=\"Abrir imagem no lightbox\" class=\"tile-inner modula-item-link\"><\/a><img loading=\"lazy\" decoding=\"async\" class=\"pic wp-image-257\"  data-valign=\"middle\" data-halign=\"center\" alt=\"A lively group celebrating at night with color smoke bombs in a street festival.\" data-full=\"https:\/\/casarti.com.br\/2026\/wp-content\/uploads\/2025\/06\/pexels-photo-889545-889545.jpg\" title=\"pexels-photo-889545-889545\" crop=\"\" width=\"150\" height=\"150\" src=\"https:\/\/casarti.com.br\/2026\/wp-content\/uploads\/2025\/06\/pexels-photo-889545-889545-150x150.jpg\" data-src=\"https:\/\/casarti.com.br\/2026\/wp-content\/uploads\/2025\/06\/pexels-photo-889545-889545-150x150.jpg\" data-caption=\"\"\/>\n\t\t<div class=\"figc no-description\">\n\t\t\t<div class=\"figc-inner\">\n\t\t\t\t\t\t\t\t\t\t\t\t\t\t\t<\/div>\n\t\t<\/div>\n\n\t<\/div>\n\n<\/div><div class=\"modula-item effect-pufrobo\" >\n\t<div class=\"modula-item-overlay\"><\/div>\n\n\t<div class=\"modula-item-content\">\n\n\t\t<a data-image-id=\"256\" role=\"button\" data-elementor-open-lightbox=\"no\" tabindex=\"0\" rel=\"jtg-274\" data-caption=\"\" aria-label=\"Abrir imagem no lightbox\" class=\"tile-inner modula-item-link\"><\/a><img loading=\"lazy\" decoding=\"async\" class=\"pic wp-image-256\"  data-valign=\"middle\" data-halign=\"center\" alt=\"Black and white image of audience with hands raised, capturing concert energy.\" data-full=\"https:\/\/casarti.com.br\/2026\/wp-content\/uploads\/2025\/06\/pexels-photo-2014773-2014773-1.jpg\" title=\"pexels-photo-2014773-2014773-1\" crop=\"\" width=\"150\" height=\"150\" src=\"https:\/\/casarti.com.br\/2026\/wp-content\/uploads\/2025\/06\/pexels-photo-2014773-2014773-1-150x150.jpg\" data-src=\"https:\/\/casarti.com.br\/2026\/wp-content\/uploads\/2025\/06\/pexels-photo-2014773-2014773-1-150x150.jpg\" data-caption=\"\"\/>\n\t\t<div class=\"figc no-description\">\n\t\t\t<div class=\"figc-inner\">\n\t\t\t\t\t\t\t\t\t\t\t\t\t\t\t<\/div>\n\t\t<\/div>\n\n\t<\/div>\n\n<\/div><div class=\"modula-item effect-pufrobo\" >\n\t<div class=\"modula-item-overlay\"><\/div>\n\n\t<div class=\"modula-item-content\">\n\n\t\t<a data-image-id=\"255\" role=\"button\" data-elementor-open-lightbox=\"no\" tabindex=\"0\" rel=\"jtg-274\" data-caption=\"\" aria-label=\"Abrir imagem no lightbox\" class=\"tile-inner modula-item-link\"><\/a><img loading=\"lazy\" decoding=\"async\" class=\"pic wp-image-255\"  data-valign=\"middle\" data-halign=\"center\" alt=\"rain, nature, people, umbrellas, wet, weather, thunderstorm\" data-full=\"https:\/\/casarti.com.br\/2026\/wp-content\/uploads\/2025\/06\/g438e4af6d0ad1d91400ed5463dc3f4c3d4def0c6c2fb10f5fa76a6b9c70b8c94650fe5f06268095dcb91552322051d6ce002e35c07257280f73c5afc207c64f2_1280-7995866.jpg\" title=\"g438e4af6d0ad1d91400ed5463dc3f4c3d4def0c6c2fb10f5fa76a6b9c70b8c94650fe5f06268095dcb91552322051d6ce002e35c07257280f73c5afc207c64f2_1280-7995866\" crop=\"\" width=\"150\" height=\"150\" src=\"https:\/\/casarti.com.br\/2026\/wp-content\/uploads\/2025\/06\/g438e4af6d0ad1d91400ed5463dc3f4c3d4def0c6c2fb10f5fa76a6b9c70b8c94650fe5f06268095dcb91552322051d6ce002e35c07257280f73c5afc207c64f2_1280-7995866-150x150.jpg\" data-src=\"https:\/\/casarti.com.br\/2026\/wp-content\/uploads\/2025\/06\/g438e4af6d0ad1d91400ed5463dc3f4c3d4def0c6c2fb10f5fa76a6b9c70b8c94650fe5f06268095dcb91552322051d6ce002e35c07257280f73c5afc207c64f2_1280-7995866-150x150.jpg\" data-caption=\"\"\/>\n\t\t<div class=\"figc no-description\">\n\t\t\t<div class=\"figc-inner\">\n\t\t\t\t\t\t\t\t\t\t\t\t\t\t\t<\/div>\n\t\t<\/div>\n\n\t<\/div>\n\n<\/div><div class=\"modula-item effect-pufrobo\" >\n\t<div class=\"modula-item-overlay\"><\/div>\n\n\t<div class=\"modula-item-content\">\n\n\t\t<a data-image-id=\"254\" role=\"button\" data-elementor-open-lightbox=\"no\" tabindex=\"0\" rel=\"jtg-274\" data-caption=\"\" aria-label=\"Abrir imagem no lightbox\" class=\"tile-inner modula-item-link\"><\/a><img loading=\"lazy\" decoding=\"async\" class=\"pic wp-image-254\"  data-valign=\"middle\" data-halign=\"center\" alt=\"Black and white image of audience with hands raised, capturing concert energy.\" data-full=\"https:\/\/casarti.com.br\/2026\/wp-content\/uploads\/2025\/06\/pexels-photo-2014773-2014773.jpg\" title=\"pexels-photo-2014773-2014773\" crop=\"\" width=\"150\" height=\"150\" src=\"https:\/\/casarti.com.br\/2026\/wp-content\/uploads\/2025\/06\/pexels-photo-2014773-2014773-150x150.jpg\" data-src=\"https:\/\/casarti.com.br\/2026\/wp-content\/uploads\/2025\/06\/pexels-photo-2014773-2014773-150x150.jpg\" data-caption=\"\"\/>\n\t\t<div class=\"figc no-description\">\n\t\t\t<div class=\"figc-inner\">\n\t\t\t\t\t\t\t\t\t\t\t\t\t\t\t<\/div>\n\t\t<\/div>\n\n\t<\/div>\n\n<\/div><div class=\"modula-item effect-pufrobo\" >\n\t<div class=\"modula-item-overlay\"><\/div>\n\n\t<div class=\"modula-item-content\">\n\n\t\t<a data-image-id=\"107\" role=\"button\" data-elementor-open-lightbox=\"no\" tabindex=\"0\" rel=\"jtg-274\" data-caption=\"SOMOS AMERICA\" aria-label=\"Abrir imagem no lightbox\" class=\"tile-inner modula-item-link\"><\/a><img loading=\"lazy\" decoding=\"async\" class=\"pic wp-image-107\"  data-valign=\"middle\" data-halign=\"center\" alt=\"\" data-full=\"https:\/\/casarti.com.br\/2026\/wp-content\/uploads\/2025\/06\/image-accordion-4.jpg\" title=\"image-accordion-4.jpg\" crop=\"\" width=\"150\" height=\"150\" src=\"https:\/\/casarti.com.br\/2026\/wp-content\/uploads\/2025\/06\/image-accordion-4-150x150.jpg\" data-src=\"https:\/\/casarti.com.br\/2026\/wp-content\/uploads\/2025\/06\/image-accordion-4-150x150.jpg\" data-caption=\"SOMOS AMERICA\"\/>\n\t\t<div class=\"figc\">\n\t\t\t<div class=\"figc-inner\">\n\t\t\t\t\t\t\t\t\t\t\t\t\t<div class=\"jtg-description\">SOMOS AMERICA<\/div>\n\t\t\t\t\t\t\t\t\t\t\t<\/div>\n\t\t<\/div>\n\n\t<\/div>\n\n<\/div><div class=\"modula-item effect-pufrobo\" >\n\t<div class=\"modula-item-overlay\"><\/div>\n\n\t<div class=\"modula-item-content\">\n\n\t\t<a data-image-id=\"106\" role=\"button\" data-elementor-open-lightbox=\"no\" tabindex=\"0\" rel=\"jtg-274\" data-caption=\"PAGODE AZUL 22\/05\/2025\" aria-label=\"Abrir imagem no lightbox\" class=\"tile-inner modula-item-link\"><\/a><img loading=\"lazy\" decoding=\"async\" class=\"pic wp-image-106\"  data-valign=\"middle\" data-halign=\"center\" alt=\"\" data-full=\"https:\/\/casarti.com.br\/2026\/wp-content\/uploads\/2025\/06\/image-accordion-10.jpg\" title=\"image-accordion-10.jpg\" crop=\"\" width=\"150\" height=\"150\" src=\"https:\/\/casarti.com.br\/2026\/wp-content\/uploads\/2025\/06\/image-accordion-10-150x150.jpg\" data-src=\"https:\/\/casarti.com.br\/2026\/wp-content\/uploads\/2025\/06\/image-accordion-10-150x150.jpg\" data-caption=\"PAGODE AZUL 22\/05\/2025\"\/>\n\t\t<div class=\"figc\">\n\t\t\t<div class=\"figc-inner\">\n\t\t\t\t\t\t\t\t\t\t\t\t\t<div class=\"jtg-description\">PAGODE AZUL 22\/05\/2025<\/div>\n\t\t\t\t\t\t\t\t\t\t\t<\/div>\n\t\t<\/div>\n\n\t<\/div>\n\n<\/div><div class=\"modula-item effect-pufrobo\" >\n\t<div class=\"modula-item-overlay\"><\/div>\n\n\t<div class=\"modula-item-content\">\n\n\t\t<a data-image-id=\"108\" role=\"button\" data-elementor-open-lightbox=\"no\" tabindex=\"0\" rel=\"jtg-274\" data-caption=\"FESTA PUNK\" aria-label=\"Abrir imagem no lightbox\" class=\"tile-inner modula-item-link\"><\/a><img loading=\"lazy\" decoding=\"async\" class=\"pic wp-image-108\"  data-valign=\"middle\" data-halign=\"center\" alt=\"\" data-full=\"https:\/\/casarti.com.br\/2026\/wp-content\/uploads\/2025\/06\/image-accordion-13.jpg\" title=\"image-accordion-13.jpg\" crop=\"\" width=\"150\" height=\"150\" src=\"https:\/\/casarti.com.br\/2026\/wp-content\/uploads\/2025\/06\/image-accordion-13-150x150.jpg\" data-src=\"https:\/\/casarti.com.br\/2026\/wp-content\/uploads\/2025\/06\/image-accordion-13-150x150.jpg\" data-caption=\"FESTA PUNK\"\/>\n\t\t<div class=\"figc\">\n\t\t\t<div class=\"figc-inner\">\n\t\t\t\t\t\t\t\t\t\t\t\t\t<div class=\"jtg-description\">FESTA PUNK<\/div>\n\t\t\t\t\t\t\t\t\t\t\t<\/div>\n\t\t<\/div>\n\n\t<\/div>\n\n<\/div><div class=\"modula-item effect-pufrobo\" >\n\t<div class=\"modula-item-overlay\"><\/div>\n\n\t<div class=\"modula-item-content\">\n\n\t\t<a data-image-id=\"132\" role=\"button\" data-elementor-open-lightbox=\"no\" tabindex=\"0\" rel=\"jtg-274\" data-caption=\"\" aria-label=\"Abrir imagem no lightbox\" class=\"tile-inner modula-item-link\"><\/a><img loading=\"lazy\" decoding=\"async\" class=\"pic wp-image-132\"  data-valign=\"middle\" data-halign=\"center\" alt=\"\" data-full=\"https:\/\/casarti.com.br\/2026\/wp-content\/uploads\/2025\/06\/causos-causas-e-cancoes.jpg\" title=\"causos causas e cancoes\" crop=\"\" width=\"150\" height=\"150\" src=\"https:\/\/casarti.com.br\/2026\/wp-content\/uploads\/2025\/06\/causos-causas-e-cancoes-150x150.jpg\" data-src=\"https:\/\/casarti.com.br\/2026\/wp-content\/uploads\/2025\/06\/causos-causas-e-cancoes-150x150.jpg\" data-caption=\"\"\/>\n\t\t<div class=\"figc no-description\">\n\t\t\t<div class=\"figc-inner\">\n\t\t\t\t\t\t\t\t\t\t\t\t\t\t\t<\/div>\n\t\t<\/div>\n\n\t<\/div>\n\n<\/div><div class=\"modula-item effect-pufrobo\" >\n\t<div class=\"modula-item-overlay\"><\/div>\n\n\t<div class=\"modula-item-content\">\n\n\t\t<a data-image-id=\"19\" role=\"button\" data-elementor-open-lightbox=\"no\" tabindex=\"0\" rel=\"jtg-274\" data-caption=\"CURSO LITERATURA\" aria-label=\"Abrir imagem no lightbox\" class=\"tile-inner modula-item-link\"><\/a><img loading=\"lazy\" decoding=\"async\" class=\"pic wp-image-19\"  data-valign=\"middle\" data-halign=\"center\" alt=\"\" data-full=\"https:\/\/casarti.com.br\/2026\/wp-content\/uploads\/2025\/06\/bg-03-free-img.jpg\" title=\"bg-03-free-img.jpg\" crop=\"\" width=\"150\" height=\"150\" src=\"https:\/\/casarti.com.br\/2026\/wp-content\/uploads\/2025\/06\/bg-03-free-img-150x150.jpg\" data-src=\"https:\/\/casarti.com.br\/2026\/wp-content\/uploads\/2025\/06\/bg-03-free-img-150x150.jpg\" data-caption=\"CURSO LITERATURA\"\/>\n\t\t<div class=\"figc\">\n\t\t\t<div class=\"figc-inner\">\n\t\t\t\t\t\t\t\t\t\t\t\t\t<div class=\"jtg-description\">CURSO LITERATURA<\/div>\n\t\t\t\t\t\t\t\t\t\t\t<\/div>\n\t\t<\/div>\n\n\t<\/div>\n\n<\/div><div class=\"modula-item effect-pufrobo\" >\n\t<div class=\"modula-item-overlay\"><\/div>\n\n\t<div class=\"modula-item-content\">\n\n\t\t<a data-image-id=\"21\" role=\"button\" data-elementor-open-lightbox=\"no\" tabindex=\"0\" rel=\"jtg-274\" data-caption=\"\" aria-label=\"Abrir imagem no lightbox\" class=\"tile-inner modula-item-link\"><\/a><img loading=\"lazy\" decoding=\"async\" class=\"pic wp-image-21\"  data-valign=\"middle\" data-halign=\"center\" alt=\"\" data-full=\"https:\/\/casarti.com.br\/2026\/wp-content\/uploads\/2025\/06\/bg-05-free-img.jpg\" title=\"bg-05-free-img.jpg\" crop=\"\" width=\"150\" height=\"150\" src=\"https:\/\/casarti.com.br\/2026\/wp-content\/uploads\/2025\/06\/bg-05-free-img-150x150.jpg\" data-src=\"https:\/\/casarti.com.br\/2026\/wp-content\/uploads\/2025\/06\/bg-05-free-img-150x150.jpg\" data-caption=\"\"\/>\n\t\t<div class=\"figc no-description\">\n\t\t\t<div class=\"figc-inner\">\n\t\t\t\t\t\t\t\t\t\t\t\t\t\t\t<\/div>\n\t\t<\/div>\n\n\t<\/div>\n\n<\/div>\t\t\n\t<\/div>\n\n\t\n\t\n\t<script type=\"application\/ld+json\">\n\t{\n\t\t\"@context\": \"http:\/\/schema.org\",\n\t\t\"@type\"   : \"ImageGallery\",\n\t\t\"id\"      : \"https:\/\/casarti.com.br\/2026\/galeria-de-fotos\/\",\n\t\t\"url\"     : \"https:\/\/casarti.com.br\/2026\/galeria-de-fotos\/\"\n\t}\n\n\t<\/script>\n\n\t\n<\/div>\n\n\n\n\n<p><\/p>\n","protected":false},"excerpt":{"rendered":"","protected":false},"author":1,"featured_media":0,"parent":0,"menu_order":0,"comment_status":"closed","ping_status":"closed","template":"","meta":{"postBodyCss":"","postBodyMargin":[],"postBodyPadding":[],"postBodyBackground":{"backgroundType":"classic","gradient":""},"footnotes":""},"class_list":["post-247","page","type-page","status-publish","hentry"],"_links":{"self":[{"href":"https:\/\/casarti.com.br\/2026\/wp-json\/wp\/v2\/pages\/247","targetHints":{"allow":["GET"]}}],"collection":[{"href":"https:\/\/casarti.com.br\/2026\/wp-json\/wp\/v2\/pages"}],"about":[{"href":"https:\/\/casarti.com.br\/2026\/wp-json\/wp\/v2\/types\/page"}],"author":[{"embeddable":true,"href":"https:\/\/casarti.com.br\/2026\/wp-json\/wp\/v2\/users\/1"}],"replies":[{"embeddable":true,"href":"https:\/\/casarti.com.br\/2026\/wp-json\/wp\/v2\/comments?post=247"}],"version-history":[{"count":16,"href":"https:\/\/casarti.com.br\/2026\/wp-json\/wp\/v2\/pages\/247\/revisions"}],"predecessor-version":[{"id":270,"href":"https:\/\/casarti.com.br\/2026\/wp-json\/wp\/v2\/pages\/247\/revisions\/270"}],"wp:attachment":[{"href":"https:\/\/casarti.com.br\/2026\/wp-json\/wp\/v2\/media?parent=247"}],"curies":[{"name":"wp","href":"https:\/\/api.w.org\/{rel}","templated":true}]}}